{"id":1394,"date":"2022-07-11T13:59:10","date_gmt":"2022-07-11T11:59:10","guid":{"rendered":"https:\/\/maisondunne.fr\/?page_id=1394"},"modified":"2022-07-11T13:59:10","modified_gmt":"2022-07-11T11:59:10","slug":"mentions-legales","status":"publish","type":"page","link":"https:\/\/maisondunne.fr\/index.php\/mentions-legales\/","title":{"rendered":"Mentions l\u00e9gales"},"content":{"rendered":"\n<p>En vigueur au 01\/07\/2022<\/p>\n\n\n\n<p>Conform\u00e9ment aux dispositions des Articles 6-III et 19 de la Loi n\u00b02004-575 du 21 juin 2004 pour la Confiance dans l\u2019\u00e9conomie num\u00e9rique, dite L.C.E.N., il est port\u00e9 \u00e0 la connaissance des utilisateurs et visiteurs, ci-apr\u00e8s l&#8221;&#8221;<strong>Utilisateur<\/strong>&#8220;, du site https:\/\/maisondunne.fr\/ , ci-apr\u00e8s le &#8220;<strong>Site<\/strong>&#8220;, les pr\u00e9sentes mentions l\u00e9gales.<\/p>\n\n\n\n<p>La connexion et la navigation sur le Site par l\u2019Utilisateur implique acceptation int\u00e9grale et sans r\u00e9serve des pr\u00e9sentes mentions l\u00e9gales.<\/p>\n\n\n\n<p>Ces derni\u00e8res sont accessibles sur le Site \u00e0 la rubrique \u00ab Mentions l\u00e9gales \u00bb.<\/p>\n\n\n\n<p><strong>ARTICLE 1 &#8211; L&#8217;\u00c9DITEUR<\/strong><\/p>\n\n\n\n<p>L&#8217;\u00e9dition du Site est assur\u00e9e par LS DUNNE au capital de 10000 euros, immatricul\u00e9e au Registre du Commerce et des Soci\u00e9t\u00e9s de La Rochelle sous le num\u00e9ro 910543339 dont le si\u00e8ge social est situ\u00e9 au 20 RUE DE LA HALLE 17450 FOURAS,&nbsp;<\/p>\n\n\n\n<p>Num\u00e9ro de t\u00e9l\u00e9phone +336 60 77 10 43,&nbsp;<\/p>\n\n\n\n<p>Adresse e-mail : contact [@] maisondunne.fr.<\/p>\n\n\n\n<p>N\u00b0 de TVA intracommunautaire : FR31910543339<\/p>\n\n\n\n<p>Le Directeur de la publication est S\u00e9bastien Bert<\/p>\n\n\n\n<p>ci-apr\u00e8s l'&#8221;<strong>Editeur<\/strong>&#8220;.<\/p>\n\n\n\n<p><strong>ARTICLE 2 &#8211; L&#8217;H\u00c9BERGEUR<\/strong><\/p>\n\n\n\n<p>L&#8217;h\u00e9bergeur du Site est la soci\u00e9t\u00e9 OVH, dont le si\u00e8ge social est situ\u00e9 au 2 rue Kellermann &#8211; 59100 Roubaix &#8211; France , av<strong>ec le num\u00e9ro de t\u00e9l\u00e9phone : +330899701761<\/strong><\/p>\n\n\n\n<p><strong>ARTICLE 3 &#8211; ACC\u00c8S AU SITE<\/strong><\/p>\n\n\n\n<p>Le Site est accessible en tout endroit, 7j\/7, 24h\/24 sauf cas de force majeure, interruption programm\u00e9e ou non et pouvant d\u00e9coulant d\u2019une n\u00e9cessit\u00e9 de maintenance.<\/p>\n\n\n\n<p>En cas de modification, interruption ou suspension du Site, l&#8217;\u00c9diteur ne saurait \u00eatre tenu responsable.<\/p>\n\n\n\n<p><strong>ARTICLE 4 &#8211; COLLECTE DES DONN\u00c9ES<\/strong><\/p>\n\n\n\n<p>Le site est exempt\u00e9 de d\u00e9claration \u00e0 la Commission Nationale Informatique et Libert\u00e9s (CNIL) dans la mesure o\u00f9 il ne collecte aucune donn\u00e9e concernant les utilisateurs.<\/p>\n\n\n\n<p>Toute utilisation, reproduction, diffusion, commercialisation, modification de toute ou partie du Site, sans autorisation de l&#8217;\u00c9diteur est prohib\u00e9e et pourra entra\u00eener des actions et poursuites judiciaires telles que notamment pr\u00e9vues par le Code de la propri\u00e9t\u00e9 intellectuelle et le Code civil.<\/p>\n","protected":false},"excerpt":{"rendered":"<p>En vigueur au 01\/07\/2022 Conform\u00e9ment aux dispositions des Articles 6-III et 19 de la Loi n\u00b02004-575 du 21 juin 2004 pour la Confiance dans l\u2019\u00e9conomie num\u00e9rique, dite L.C.E.N., il est port\u00e9 \u00e0 la connaissance des utilisateurs et visiteurs, ci-apr\u00e8s l&#8221;&#8221;Utilisateur&#8220;, du site https:\/\/maisondunne.fr\/ , ci-apr\u00e8s le &#8220;Site&#8220;, les pr\u00e9sentes mentions l\u00e9gales. La connexion et la [&hellip;]<\/p>\n","protected":false},"author":1,"featured_media":0,"parent":0,"menu_order":0,"comment_status":"closed","ping_status":"closed","template":"","meta":{"_seopress_robots_primary_cat":"","_seopress_titles_title":"","_seopress_titles_desc":"","_seopress_robots_index":"","site-sidebar-layout":"default","site-content-layout":"","ast-site-content-layout":"default","site-content-style":"default","site-sidebar-style":"default","ast-global-header-display":"","ast-banner-title-visibility":"","ast-main-header-display":"","ast-hfb-above-header-display":"","ast-hfb-below-header-display":"","ast-hfb-mobile-header-display":"","site-post-title":"","ast-breadcrumbs-content":"","ast-featured-img":"","footer-sml-layout":"","ast-disable-related-posts":"","theme-transparent-header-meta":"","adv-header-id-meta":"","stick-header-meta":"","header-above-stick-meta":"","header-main-stick-meta":"","header-below-stick-meta":"","astra-migrate-meta-layouts":"default","ast-page-background-enabled":"default","ast-page-background-meta":{"desktop":{"background-color":"","background-image":"","background-repeat":"repeat","background-position":"center center","background-size":"auto","background-attachment":"scroll","background-type":"","background-media":"","overlay-type":"","overlay-color":"","overlay-opacity":"","overlay-gradient":""},"tablet":{"background-color":"","background-image":"","background-repeat":"repeat","background-position":"center center","background-size":"auto","background-attachment":"scroll","background-type":"","background-media":"","overlay-type":"","overlay-color":"","overlay-opacity":"","overlay-gradient":""},"mobile":{"background-color":"","background-image":"","background-repeat":"repeat","background-position":"center center","background-size":"auto","background-attachment":"scroll","background-type":"","background-media":"","overlay-type":"","overlay-color":"","overlay-opacity":"","overlay-gradient":""}},"ast-content-background-meta":{"desktop":{"background-color":"var(--ast-global-color-5)","background-image":"","background-repeat":"repeat","background-position":"center center","background-size":"auto","background-attachment":"scroll","background-type":"","background-media":"","overlay-type":"","overlay-color":"","overlay-opacity":"","overlay-gradient":""},"tablet":{"background-color":"var(--ast-global-color-5)","background-image":"","background-repeat":"repeat","background-position":"center center","background-size":"auto","background-attachment":"scroll","background-type":"","background-media":"","overlay-type":"","overlay-color":"","overlay-opacity":"","overlay-gradient":""},"mobile":{"background-color":"var(--ast-global-color-5)","background-image":"","background-repeat":"repeat","background-position":"center center","background-size":"auto","background-attachment":"scroll","background-type":"","background-media":"","overlay-type":"","overlay-color":"","overlay-opacity":"","overlay-gradient":""}},"footnotes":""},"class_list":["post-1394","page","type-page","status-publish","hentry"],"_links":{"self":[{"href":"https:\/\/maisondunne.fr\/index.php\/wp-json\/wp\/v2\/pages\/1394","targetHints":{"allow":["GET"]}}],"collection":[{"href":"https:\/\/maisondunne.fr\/index.php\/wp-json\/wp\/v2\/pages"}],"about":[{"href":"https:\/\/maisondunne.fr\/index.php\/wp-json\/wp\/v2\/types\/page"}],"author":[{"embeddable":true,"href":"https:\/\/maisondunne.fr\/index.php\/wp-json\/wp\/v2\/users\/1"}],"replies":[{"embeddable":true,"href":"https:\/\/maisondunne.fr\/index.php\/wp-json\/wp\/v2\/comments?post=1394"}],"version-history":[{"count":1,"href":"https:\/\/maisondunne.fr\/index.php\/wp-json\/wp\/v2\/pages\/1394\/revisions"}],"predecessor-version":[{"id":1395,"href":"https:\/\/maisondunne.fr\/index.php\/wp-json\/wp\/v2\/pages\/1394\/revisions\/1395"}],"wp:attachment":[{"href":"https:\/\/maisondunne.fr\/index.php\/wp-json\/wp\/v2\/media?parent=1394"}],"curies":[{"name":"wp","href":"https:\/\/api.w.org\/{rel}","templated":true}]}}